{"id":3338,"date":"2011-12-27T16:18:12","date_gmt":"2011-12-27T16:18:12","guid":{"rendered":"https:\/\/old.hindu-forum.be\/about-us\/"},"modified":"2025-03-05T17:23:27","modified_gmt":"2025-03-05T17:23:27","slug":"qui-sommes-nous","status":"publish","type":"page","link":"https:\/\/old.hindu-forum.be\/fr\/qui-sommes-nous\/","title":{"rendered":"Qui sommes-nous ?"},"content":{"rendered":"\n<h3 class=\"wp-block-heading\">Le forum hindou de Belgique a \u00e9t\u00e9 lanc\u00e9 le 16 mars 2007 \u00e0 Bruxelles, \u00e0 l&#8217;h\u00f4tel Jolly. Il a vu le jour gr\u00e2ce \u00e0 l&#8217;inspiration du forum hindou europ\u00e9en qui est bas\u00e9 sur le mod\u00e8le de travail du succ\u00e8s du forum hindou anglais.<\/h3>\n\n\n\n<figure class=\"wp-block-image size-full is-style-default\"><a href=\"https:\/\/old.hindu-forum.be\/wp-content\/uploads\/2021\/05\/DSC_6414.jpg\"><img loading=\"lazy\" decoding=\"async\" width=\"2240\" height=\"1488\" src=\"https:\/\/old.hindu-forum.be\/wp-content\/uploads\/2021\/05\/DSC_6414.jpg\" alt=\"\" class=\"wp-image-1873\" srcset=\"https:\/\/old.hindu-forum.be\/wp-content\/uploads\/2021\/05\/DSC_6414.jpg 2240w, https:\/\/old.hindu-forum.be\/wp-content\/uploads\/2021\/05\/DSC_6414-300x199.jpg 300w, https:\/\/old.hindu-forum.be\/wp-content\/uploads\/2021\/05\/DSC_6414-1024x680.jpg 1024w, https:\/\/old.hindu-forum.be\/wp-content\/uploads\/2021\/05\/DSC_6414-768x510.jpg 768w, https:\/\/old.hindu-forum.be\/wp-content\/uploads\/2021\/05\/DSC_6414-1536x1020.jpg 1536w, https:\/\/old.hindu-forum.be\/wp-content\/uploads\/2021\/05\/DSC_6414-2048x1360.jpg 2048w, https:\/\/old.hindu-forum.be\/wp-content\/uploads\/2021\/05\/DSC_6414-580x385.jpg 580w, https:\/\/old.hindu-forum.be\/wp-content\/uploads\/2021\/05\/DSC_6414-860x571.jpg 860w, https:\/\/old.hindu-forum.be\/wp-content\/uploads\/2021\/05\/DSC_6414-1160x771.jpg 1160w\" sizes=\"auto, (max-width: 2240px) 100vw, 2240px\" \/><\/a><\/figure>\n\n\n\n<h2 class=\"wp-block-heading\" id=\"vision\"><a href=\"#vision\">Vision<\/a><\/h2>\n\n\n\n<p>L\u2019hindouisme est officiellement reconnu comme une religion en Belgique, enrichissant l\u2019identit\u00e9 nationale en mettant en valeur la diversit\u00e9 de la soci\u00e9t\u00e9 belge contemporaine. Il joue un r\u00f4le actif dans divers aspects de la vie belge, notamment la culture, l\u2019\u00e9conomie, la spiritualit\u00e9, le dialogue interreligieux et la promotion de la coh\u00e9sion sociale.<\/p>\n\n\n\n<h2 class=\"wp-block-heading\" id=\"mission\"><a href=\"#mission\">Mission<\/a><\/h2>\n\n\n\n<p>Le Forum hindou de Belgique cherche \u00e0 repr\u00e9senter et d\u00e9fendre les diverses communaut\u00e9s et organisations hindoues en Belgique, en s\u2019engageant activement aupr\u00e8s du gouvernement, des leaders religieux, des m\u00e9dias et du grand public. Cela se r\u00e9alise par un dialogue continu avec les autorit\u00e9s belges, en favorisant des relations bilat\u00e9rales avec les leaders religieux et en participant \u00e0 des plateformes d\u2019\u00e9change interreligieux permanent. Le Forum soutient \u00e9galement les communaut\u00e9s hindoues migrantes dans leur processus d\u2019int\u00e9gration en facilitant des plateformes r\u00e9pondant \u00e0 leurs besoins spirituels et religieux.<\/p>\n\n\n\n<h2 class=\"wp-block-heading\" id=\"values\"><a href=\"#values\">Values<\/a><\/h2>\n\n\n\n<div class=\"wp-block-group\"><div class=\"wp-block-group__inner-container is-layout-flow wp-block-group-is-layout-flow\">\n<ul id=\"block-6687f8d8-0983-41e7-a489-5d72f3387bc9\" class=\"wp-block-list\">\n<li>Ouverture d&#8217;esprit<\/li>\n\n\n\n<li>Tol\u00e9rance<\/li>\n\n\n\n<li>Honn\u00eatet\u00e9<\/li>\n\n\n\n<li>Empathie<\/li>\n\n\n\n<li>\u00c9galit\u00e9<\/li>\n\n\n\n<li>Respect<\/li>\n\n\n\n<li>Dialogue<\/li>\n<\/ul>\n<\/div><\/div>\n\n\n\n<h2 class=\"wp-block-heading\" id=\"objectives\"><a href=\"#objectives\">Valeurs<\/a><\/h2>\n\n\n\n<div class=\"wp-block-group\"><strong>Pour atteindre ses objectifs ambitieux et essentiels, le Forum hindou de Belgique s\u2019engage \u00e0 entreprendre les activit\u00e9s suivantes :<\/strong><br>\n<ul>\n<li>D\u00e9velopper diverses plateformes de communication pour informer le gouvernement, les m\u00e9dias, le public et la communaut\u00e9 hindoue de ses initiatives et \u00e9mettre des d\u00e9clarations sur des questions cl\u00e9s.<\/li>\n<li>Publier et distribuer largement des documents actualis\u00e9s sur le Forum hindou et l\u2019hindouisme.<\/li>\n<li>Dialoguer avec les leaders politiques, religieux et autres en Belgique pour partager les activit\u00e9s du Forum et mettre en lumi\u00e8re les besoins et pr\u00e9occupations de la communaut\u00e9 hindoue.<\/li>\n<li>Organiser r\u00e9guli\u00e8rement des r\u00e9unions avec les membres de la communaut\u00e9 pour fournir des mises \u00e0 jour sur les initiatives du Forum.<\/li>\n<li>Organiser des pr\u00e9sentations sur l\u2019hindouisme et son r\u00f4le dans la soci\u00e9t\u00e9 belge.<\/li>\n<li>Rechercher des opportunit\u00e9s d\u2019int\u00e9grer l\u2019hindouisme dans les programmes scolaires belges et rester inform\u00e9 des \u00e9volutions.<\/li>\n<li>Participer \u00e0 d\u2019importantes conf\u00e9rences internationales sur des sujets pertinents.<\/li>\n<li>\u00c9largir la base de membres du Forum.<\/li>\n<li>\u00c9laborer et mettre en \u0153uvre une strat\u00e9gie de collecte de fonds annuelle.<\/li>\n<li>Organiser un \u00e9v\u00e9nement VIP tous les quelques ann\u00e9es.<\/li>\n<li>Organiser un \u00e9v\u00e9nement annuel pour les membres du Forum et la communaut\u00e9 hindoue au sens large.<\/li>\n<li>Participer \u00e0 des conf\u00e9rences cl\u00e9s en Belgique sur des sujets d\u2019int\u00e9r\u00eat commun.<\/li>\n<li>\u00c9tablir des proc\u00e9dures standard pour la reconnaissance des conseillers spirituels.<\/li>\n<li>Cr\u00e9er un Hindu Resources Hub, offrant aux membres du Forum un r\u00e9pertoire complet de contacts utiles, y compris des pandits, cuisiniers, danseurs, salles d\u2019\u00e9v\u00e9nements, musiciens, praticiens ayurv\u00e9diques et enseignants de l\u2019hindouisme.<\/li>\n<\/ul><\/div>\n\n\n\n<pre class=\"wp-block-code\"><code><\/code><\/pre>\n\n\n<p><!-- \/wp:post-content --><\/p>\n<p><!-- wp:heading --><\/p>\n<h2 id=\"members\"><a href=\"#members\">Members<\/a><\/h2>\n<p><!-- \/wp:heading --><\/p>\n<p><!-- wp:paragraph --><\/p>\n<p>Voici les membres actuels du forum hindou de Belgique :<\/p>\n<p><a href=\"http:\/\/www.govinda.be\/\" target=\"_blank\" rel=\"noreferrer noopener\">Antwerpen Nama Hatta vzw<\/a><br data-rich-text-line-break=\"true\" \/><a href=\"https:\/\/be.brahmakumaris.org\/\" target=\"_blank\" rel=\"noreferrer noopener\">Brahma Kumaris<\/a><br data-rich-text-line-break=\"true\" \/><a href=\"http:\/\/bhaktivedantacollege.com\/\" target=\"_blank\" rel=\"noreferrer noopener\">Bhaktivedanta College<\/a><br data-rich-text-line-break=\"true\" \/><a href=\"http:\/\/centredebhaktiyoga.com\/\" target=\"_blank\" rel=\"noreferrer noopener\">Centre de Bhakti Yoga de Bruxelles asbl<\/a><br data-rich-text-line-break=\"true\" \/><a href=\"http:\/\/brusselsmandir.com\/\" target=\"_blank\" rel=\"noreferrer noopener\">Indian Cultural Centar &#8211; Brussels Mandir<br data-rich-text-line-break=\"true\" \/><\/a><a href=\"https:\/\/www.pappers.be\/fr\/company\/namaskar-0473128188\" target=\"_blank\" rel=\"noreferrer noopener\">Namaskar asbl<\/a><br data-rich-text-line-break=\"true\" \/><a href=\"http:\/\/www.radhadesh.com\/\" target=\"_blank\" rel=\"noreferrer noopener\">Radhadesh asbl<\/a><\/p>\n<p><!-- \/wp:paragraph --><\/p>\n<p><!-- wp:list --><\/p>\n<p><!-- \/wp:list --><\/p>\n<p><!-- wp:heading --><\/p>\n<h2 id=\"bod\"><a href=\"#bod\">Conseil d&#8217;administration<\/a><\/h2>\n<table>\n<tbody>\n<tr>\n<td class=\"image-container\"><img decoding=\"async\" src=\"https:\/\/old.hindu-forum.be\/wp-content\/uploads\/2023\/07\/purusottama-tirtha-e1690717923941.jpg\" alt=\"\" \/>\n<div class=\"caption\">Pr\u00e9sident: <br \/>Peter Scherrenburg (Purusottama Tirtha dasa)<\/div>\n<\/td>\n<td class=\"image-container\"><img decoding=\"async\" src=\"https:\/\/old.hindu-forum.be\/wp-content\/uploads\/2023\/07\/Jeysen-Rungiah-e1690717555826.jpg\" alt=\"\" \/>\n<div class=\"caption\">Tr\u00e9sorier:<br \/>Jeysen Rungiah<\/div>\n<\/td>\n<td class=\"image-container\"><img decoding=\"async\" class=\"\" src=\"https:\/\/old.hindu-forum.be\/wp-content\/uploads\/2021\/10\/vrindaranya-priya-bruno-e1690718260246.jpg\" alt=\"\" \/>\n<div class=\"caption\">Secr\u00e9taire:<br \/>Bruno Mestach (Vrindaranya Priya dasa)<\/div>\n<\/td>\n<td class=\"image-container\">\u00a0<\/td>\n<td class=\"image-container\"><img loading=\"lazy\" decoding=\"async\" class=\"\" src=\"https:\/\/old.hindu-forum.be\/wp-content\/uploads\/2021\/10\/gopi-raman-small.jpg\" alt=\"\" width=\"210\" height=\"281\" \/>\n<div class=\"caption\">Membre: <br \/>Avinash Orie (Gopi Ramana dasa)<\/div>\n<\/td>\n<\/tr>\n<\/tbody>\n<\/table>\n<h2 id=\"team\"><a href=\"#team\">Travail d&#8217;\u00e9quipe<\/a><\/h2>\n<figure class=\"wp-block-table aligncenter\">\n<table>\n<tbody>\n<tr>\n<td><img loading=\"lazy\" decoding=\"async\" class=\"alignnone wp-image-2056\" style=\"width: 150px;\" src=\"https:\/\/old.hindu-forum.be\/wp-content\/uploads\/2021\/10\/martin-g-profile-1.jpg\" alt=\"\" width=\"200\" height=\"267\" \/><br \/><strong>Directeur ex\u00e9cutif: <\/strong><br \/>Martin Gurvich<\/td>\n<td><img loading=\"lazy\" decoding=\"async\" class=\"alignnone wp-image-2164\" style=\"width: 150px;\" src=\"https:\/\/old.hindu-forum.be\/wp-content\/uploads\/2021\/10\/carine-2.jpg\" alt=\"\" width=\"200\" height=\"267\" srcset=\"https:\/\/old.hindu-forum.be\/wp-content\/uploads\/2021\/10\/carine-2.jpg 300w, https:\/\/old.hindu-forum.be\/wp-content\/uploads\/2021\/10\/carine-2-224x300.jpg 224w\" sizes=\"auto, (max-width: 200px) 100vw, 200px\" \/><br \/><strong>Administration<\/strong>: <br \/>Carine Vandenhout<\/td>\n<td><img loading=\"lazy\" decoding=\"async\" class=\"alignnone wp-image-2038\" style=\"width: 150px;\" src=\"https:\/\/old.hindu-forum.be\/wp-content\/uploads\/2021\/10\/dr-dario-knez.jpeg\" alt=\"\" width=\"200\" height=\"267\" srcset=\"https:\/\/old.hindu-forum.be\/wp-content\/uploads\/2021\/10\/dr-dario-knez.jpeg 732w, https:\/\/old.hindu-forum.be\/wp-content\/uploads\/2021\/10\/dr-dario-knez-225x300.jpeg 225w, https:\/\/old.hindu-forum.be\/wp-content\/uploads\/2021\/10\/dr-dario-knez-580x773.jpeg 580w\" sizes=\"auto, (max-width: 200px) 100vw, 200px\" \/><br \/><strong>Site Internet<\/strong>: <br \/>Dario Knez<\/td>\n<\/tr>\n<\/tbody>\n<\/table>\n<\/figure>\n<p><!-- wp:html --><br \/><!---\n\n\n\n<div class=\"team-container\">\n  \n\n<div class=\"team-member\">\n    <img decoding=\"async\" class=\"wp-image-2056\" src=\"https:\/\/old.hindu-forum.be\/wp-content\/uploads\/2023\/07\/purusottama-tirtha-e1690717923941.jpg\" alt=\"\">\n    \n\n<div class=\"caption\">President: <br \/>Peter Scherrenburg (Purusottama Tirtha dasa)<\/div>\n\n\n  <\/div>\n\n\n---><\/p>\n<div class=\"team-container\">\n<div class=\"team-member\">\u00a0<\/div>\n<div class=\"team-member\">\u00a0<\/div>\n<p><!---\n  \n\n<div class=\"team-member\">\n    <img decoding=\"async\" class=\"wp-image-2164\" src=\"https:\/\/old.hindu-forum.be\/wp-content\/uploads\/2021\/10\/vrindaranya-priya-bruno-e1690718260246.jpg\" alt=\"\">\n    \n\n<div class=\"caption\">Secretary: <br \/>Bruno Mestach (Vrindaranya Priya dasa)<\/div>\n\n\n  <\/div>\n\n\n---><\/p>\n<p><!---\n  \n\n<div class=\"team-member\">\n    <img decoding=\"async\" class=\"wp-image-2038\" src=\"https:\/\/old.hindu-forum.be\/wp-content\/uploads\/2023\/07\/anita-de-coster-anandini.jpg\" alt=\"\">\n    \n\n<div class=\"caption\">Member: <br \/>Anita De Coster (Anandini)<\/div>\n\n\n  <\/div>\n\n\n---><\/p>\n<div class=\"team-member\">\u00a0<\/div>\n<\/div>\n<p>\u00a0<\/p>\n<p><!-- \/wp:html --><\/p>\n\n<!-- wp:table -->\n<figure class=\"wp-block-table\"><table class=\"has-fixed-layout\"><tbody><tr><td><img loading=\"lazy\" decoding=\"async\" width=\"150\" height=\"200\" src=\"https:\/\/old.hindu-forum.be\/wp-content\/uploads\/2021\/10\/martin-gurvich-profile.jpg\" alt=\"\"> <br>President:<br>Martin Gurvich (Mahaprabhu dasa)<\/td><td><img loading=\"lazy\" decoding=\"async\" width=\"150\" height=\"200\" src=\"https:\/\/old.hindu-forum.be\/wp-content\/uploads\/2023\/07\/Jeysen-Rungiah-e1690717555826.jpg\" alt=\"\"> <br>Vice-president:<br>Jeysen Rungiah<\/td><td><img loading=\"lazy\" decoding=\"async\" width=\"150\" height=\"200\" src=\"https:\/\/old.hindu-forum.be\/wp-content\/uploads\/2021\/10\/gopi-raman-small.jpg\" alt=\"\"> <br>Treasurer:<br>Avinash Orie (Gopi Ramana dasa)<\/td><\/tr><\/tbody><\/table><\/figure>\n<!-- \/wp:table -->","protected":false},"excerpt":{"rendered":"<p>Le forum hindou de Belgique a \u00e9t\u00e9 lanc\u00e9 le 16 mars 2007 \u00e0 Bruxelles, \u00e0 l&#8217;h\u00f4tel Jolly. Il a vu le jour gr\u00e2ce \u00e0 l&#8217;inspiration du forum hindou europ\u00e9en qui est bas\u00e9 sur le mod\u00e8le de travail du succ\u00e8s du forum hindou anglais. Vision L\u2019hindouisme est officiellement reconnu comme une religion en Belgique, enrichissant l\u2019identit\u00e9&#8230;<\/p>\n","protected":false},"author":3,"featured_media":3069,"parent":0,"menu_order":2,"comment_status":"closed","ping_status":"closed","template":"","meta":{"footnotes":"","_wp_rev_ctl_limit":""},"class_list":["post-3338","page","type-page","status-publish","has-post-thumbnail","hentry"],"_links":{"self":[{"href":"https:\/\/old.hindu-forum.be\/fr\/wp-json\/wp\/v2\/pages\/3338","targetHints":{"allow":["GET"]}}],"collection":[{"href":"https:\/\/old.hindu-forum.be\/fr\/wp-json\/wp\/v2\/pages"}],"about":[{"href":"https:\/\/old.hindu-forum.be\/fr\/wp-json\/wp\/v2\/types\/page"}],"author":[{"embeddable":true,"href":"https:\/\/old.hindu-forum.be\/fr\/wp-json\/wp\/v2\/users\/3"}],"replies":[{"embeddable":true,"href":"https:\/\/old.hindu-forum.be\/fr\/wp-json\/wp\/v2\/comments?post=3338"}],"version-history":[{"count":15,"href":"https:\/\/old.hindu-forum.be\/fr\/wp-json\/wp\/v2\/pages\/3338\/revisions"}],"predecessor-version":[{"id":4615,"href":"https:\/\/old.hindu-forum.be\/fr\/wp-json\/wp\/v2\/pages\/3338\/revisions\/4615"}],"wp:featuredmedia":[{"embeddable":true,"href":"https:\/\/old.hindu-forum.be\/fr\/wp-json\/wp\/v2\/media\/3069"}],"wp:attachment":[{"href":"https:\/\/old.hindu-forum.be\/fr\/wp-json\/wp\/v2\/media?parent=3338"}],"curies":[{"name":"wp","href":"https:\/\/api.w.org\/{rel}","templated":true}]}}