{"id":3611,"date":"2021-10-12T10:23:22","date_gmt":"2021-10-12T10:23:22","guid":{"rendered":"https:\/\/old.hindu-forum.be\/?page_id=3611"},"modified":"2022-05-29T16:16:25","modified_gmt":"2022-05-29T16:16:25","slug":"resources","status":"publish","type":"page","link":"https:\/\/old.hindu-forum.be\/nl\/resources\/","title":{"rendered":"Middelen"},"content":{"rendered":"\n<p class=\"has-color-1-color has-color-8-background-color has-text-color has-background\">In februari 2013 heeft Hindu Forum of Belgium officieel de erkenning van het hindoe\u00efsme in Belgi\u00eb aangevraagd door een verzoek met een uitgebreid dossier in te dienen bij de minister van Justitie. U kunt dat bestand hier in drie talen bekijken, evenals de steunbrieven die het Hindu Forum van Belgi\u00eb daarna ontving.<\/p>\n\n\n\n<div class=\"wp-block-file\"><a id=\"wp-block-file--media-45e6d98a-ca31-491c-8a6b-11ffa8db329a\" href=\"https:\/\/old.hindu-forum.be\/wp-content\/uploads\/2022\/05\/Declaration-of-intention-to-approve-of-the-law-for-subsidization-of-Hindu-Forum-of-Belgium-by-Minister-of-Justice-Vincent-Van-Quickenborne.pdf\">Declaration of intention to approve of the law for subsidization of Hindu Forum of Belgium &#8211; by Minister of Justice-Vincent-Van-Quickenborne.<\/a><a href=\"https:\/\/old.hindu-forum.be\/wp-content\/uploads\/2022\/05\/Declaration-of-intention-to-approve-of-the-law-for-subsidization-of-Hindu-Forum-of-Belgium-by-Minister-of-Justice-Vincent-Van-Quickenborne.pdf\" class=\"wp-block-file__button\" download aria-describedby=\"wp-block-file--media-45e6d98a-ca31-491c-8a6b-11ffa8db329a\">Download<\/a><\/div>\n\n\n\n<div class=\"wp-block-file\"><a id=\"wp-block-file--media-45e6d98a-ca31-491c-8a6b-11ffa8db329a\" href=\"https:\/\/old.hindu-forum.be\/wp-content\/uploads\/2022\/04\/Formal-Reply-by-Minister-of-Justice-Vincent-Van-Quickenborn-9nov2021.pdf\">Formal reply by Minister of Justice Vincent Van Quickenborne 9 Nov 2021.<\/a><a href=\"https:\/\/old.hindu-forum.be\/wp-content\/uploads\/2022\/04\/Formal-Reply-by-Minister-of-Justice-Vincent-Van-Quickenborn-9nov2021.pdf\" class=\"wp-block-file__button\" download aria-describedby=\"wp-block-file--media-45e6d98a-ca31-491c-8a6b-11ffa8db329a\">Download<\/a><\/div>\n\n\n\n<div class=\"wp-block-file\"><a id=\"wp-block-file--media-78930531-6575-4cb1-a61e-05cd077c59ee\" href=\"https:\/\/old.hindu-forum.be\/wp-content\/uploads\/2022\/04\/Offici_ele_ingebrekestelling-Minister-erkenning-eredienst7okt2021.pdf\">Offici\u00eble ingebrekestelling Minister erkenning eredienst &#8211; 7 Okt 2021.<\/a><a href=\"https:\/\/old.hindu-forum.be\/wp-content\/uploads\/2022\/04\/Offici_ele_ingebrekestelling-Minister-erkenning-eredienst7okt2021.pdf\" class=\"wp-block-file__button\" download aria-describedby=\"wp-block-file--media-78930531-6575-4cb1-a61e-05cd077c59ee\">Download<\/a><\/div>\n\n\n\n<div class=\"wp-block-file\"><a id=\"wp-block-file--media-90b9262f-e688-484b-af16-085dcfef9baa\" href=\"https:\/\/old.hindu-forum.be\/wp-content\/uploads\/2022\/04\/Formal-notice-of-defaultMinister7Oct2021.pdf\">Formal notice of default Minister &#8211; 7 Oct 2021.<\/a><a href=\"https:\/\/old.hindu-forum.be\/wp-content\/uploads\/2022\/04\/Formal-notice-of-defaultMinister7Oct2021.pdf\" class=\"wp-block-file__button\" download aria-describedby=\"wp-block-file--media-90b9262f-e688-484b-af16-085dcfef9baa\">Download<\/a><\/div>\n\n\n\n<div class=\"wp-block-file\"><a id=\"wp-block-file--media-353a400e-5fff-44db-884b-e38be9ea8e20\" href=\"https:\/\/old.hindu-forum.be\/wp-content\/uploads\/2022\/04\/Formal-Question-by-parlemantarian-Ben-Segers-to-the-Minister-of-Justice-related-to-recognition-of-hinduism-in-Belgium.pdf\">Formal Question by parliamentarian Ben Segers to the Minister of Justice related to recognition of Hinduism in Belgium.<\/a><a href=\"https:\/\/old.hindu-forum.be\/wp-content\/uploads\/2022\/04\/Formal-Question-by-parlemantarian-Ben-Segers-to-the-Minister-of-Justice-related-to-recognition-of-hinduism-in-Belgium.pdf\" class=\"wp-block-file__button\" download aria-describedby=\"wp-block-file--media-353a400e-5fff-44db-884b-e38be9ea8e20\">Download<\/a><\/div>\n\n\n\n<div class=\"wp-block-file\"><a id=\"wp-block-file--media-4d5e8c55-6fea-45fd-b2b5-d321cc142a01\" href=\"https:\/\/old.hindu-forum.be\/wp-content\/uploads\/2021\/10\/Questions-to-the-Minister-of-Justice-by-Cecile-Thibaut-27_01_2021.docx\">Questions to the Minister of Justice by Cecile Thibaut &#8211; 27 Jan 2021.<\/a><a href=\"https:\/\/old.hindu-forum.be\/wp-content\/uploads\/2021\/10\/Questions-to-the-Minister-of-Justice-by-Cecile-Thibaut-27_01_2021.docx\" class=\"wp-block-file__button\" download aria-describedby=\"wp-block-file--media-4d5e8c55-6fea-45fd-b2b5-d321cc142a01\">Download<\/a><\/div>\n\n\n\n<div class=\"wp-block-file\"><a id=\"wp-block-file--media-c9ae24e3-7c86-48c6-8ba4-7dc41282605a\" href=\"https:\/\/old.hindu-forum.be\/wp-content\/uploads\/2021\/10\/Note-de-Politique-Generale-from-Koen-Geens-from-8_11_2017.docx\">General Policy Note from Koen Geens from &#8211; 8 Nov 2017.<\/a><a href=\"https:\/\/old.hindu-forum.be\/wp-content\/uploads\/2021\/10\/Note-de-Politique-Generale-from-Koen-Geens-from-8_11_2017.docx\" class=\"wp-block-file__button\" download aria-describedby=\"wp-block-file--media-c9ae24e3-7c86-48c6-8ba4-7dc41282605a\">Download<\/a><\/div>\n\n\n\n<div class=\"wp-block-file\"><a id=\"wp-block-file--media-41bf4b44-3ca4-45db-bb33-f0ce48fcb48f\" href=\"https:\/\/old.hindu-forum.be\/wp-content\/uploads\/2021\/10\/toevoeging-Jessika-Soors-en-Ce\u0301cile-Thibaut.pdf\">Proposed law on the subsidization of the Hindu Forum of Belgium &#8211; <strong>Jessika Soors and Cecile Thibaut<\/strong>.<\/a><a href=\"https:\/\/old.hindu-forum.be\/wp-content\/uploads\/2021\/10\/toevoeging-Jessika-Soors-en-Ce\u0301cile-Thibaut.pdf\" class=\"wp-block-file__button\" download aria-describedby=\"wp-block-file--media-41bf4b44-3ca4-45db-bb33-f0ce48fcb48f\">Download<\/a><\/div>\n\n\n\n<div class=\"wp-block-file\"><a id=\"wp-block-file--media-86d6e95f-2cec-480e-a7a4-7c2b14c6fac9\" href=\"https:\/\/old.hindu-forum.be\/wp-content\/uploads\/2021\/10\/Projet-de-Loi-Van-Hoof-_-Demon.pdf\">Proposed law on the subsidization of the Hindu Forum of Belgium. <\/a><a href=\"https:\/\/old.hindu-forum.be\/wp-content\/uploads\/2021\/10\/Projet-de-Loi-Van-Hoof-_-Demon.pdf\" class=\"wp-block-file__button\" download aria-describedby=\"wp-block-file--media-86d6e95f-2cec-480e-a7a4-7c2b14c6fac9\">Download<\/a><\/div>\n\n\n\n<div class=\"wp-block-file\"><a id=\"wp-block-file--media-a48d05f5-810d-4a74-b3f6-be7098ed1198\" href=\"https:\/\/old.hindu-forum.be\/wp-content\/uploads\/2022\/04\/toMinGeens-Follow-Up24Okt2016.pdf\">toMinGeens Follow Up &#8211; 24 Okt 2016.<\/a><a href=\"https:\/\/old.hindu-forum.be\/wp-content\/uploads\/2022\/04\/toMinGeens-Follow-Up24Okt2016.pdf\" class=\"wp-block-file__button\" download aria-describedby=\"wp-block-file--media-a48d05f5-810d-4a74-b3f6-be7098ed1198\">Download<\/a><\/div>\n\n\n\n<div class=\"wp-block-file\"><a id=\"wp-block-file--media-b0939086-0ba1-4c72-a1e7-3b91519ef07a\" href=\"https:\/\/old.hindu-forum.be\/wp-content\/uploads\/2022\/04\/toMinTurtelboom-Req-RDV-to-Intr-Request-of-Recognition-20Okt-2012.pdf\">toMinTurtelboom Req RDV to Intr Request of Recognition &#8211; 20 Okt 2012.<\/a><a href=\"https:\/\/old.hindu-forum.be\/wp-content\/uploads\/2022\/04\/toMinTurtelboom-Req-RDV-to-Intr-Request-of-Recognition-20Okt-2012.pdf\" class=\"wp-block-file__button\" download aria-describedby=\"wp-block-file--media-b0939086-0ba1-4c72-a1e7-3b91519ef07a\">Download<\/a><\/div>\n\n\n\n<div class=\"wp-block-file\"><a id=\"wp-block-file--media-c53290d3-d8db-4acd-8f26-20676a58e018\" href=\"https:\/\/old.hindu-forum.be\/wp-content\/uploads\/2021\/10\/HFBconstitutionMB.pdf\">Constitution of Hindu Forum of Belgium.<\/a><a href=\"https:\/\/old.hindu-forum.be\/wp-content\/uploads\/2021\/10\/HFBconstitutionMB.pdf\" class=\"wp-block-file__button\" download aria-describedby=\"wp-block-file--media-c53290d3-d8db-4acd-8f26-20676a58e018\">Download<\/a><\/div>\n\n\n\n<h1 class=\"wp-block-heading\" id=\"request-for-official-recognition\">Aanvraag offici\u00eble erkenning:<\/h1>\n\n\n\n<div class=\"wp-block-file\"><a id=\"wp-block-file--media-261a6b2e-3734-4fa5-8c19-5fcb11cf078c\" href=\"https:\/\/old.hindu-forum.be\/wp-content\/uploads\/2021\/04\/HFB-REC_2019_EN.pdf\">Request for Official Recognition of Hinduism in Belgium.<\/a><a href=\"https:\/\/old.hindu-forum.be\/wp-content\/uploads\/2021\/04\/HFB-REC_2019_EN.pdf\" class=\"wp-block-file__button\" download aria-describedby=\"wp-block-file--media-261a6b2e-3734-4fa5-8c19-5fcb11cf078c\">Download<\/a><\/div>\n\n\n\n<div class=\"wp-block-file\"><a id=\"wp-block-file--media-dacc5d8b-e0ad-45a0-b3f9-713b6b746879\" href=\"https:\/\/old.hindu-forum.be\/wp-content\/uploads\/2021\/04\/HFB-REC_2019_FR.pdf\">Demande de Reconnaissance Officielle de l\u2019Hindouisme en Belgique.<\/a><a href=\"https:\/\/old.hindu-forum.be\/wp-content\/uploads\/2021\/04\/HFB-REC_2019_FR.pdf\" class=\"wp-block-file__button\" download aria-describedby=\"wp-block-file--media-dacc5d8b-e0ad-45a0-b3f9-713b6b746879\">Download<\/a><\/div>\n\n\n\n<div class=\"wp-block-file\"><a id=\"wp-block-file--media-0bcb25f9-fc84-4407-93dc-4cac76cb191f\" href=\"https:\/\/old.hindu-forum.be\/wp-content\/uploads\/2021\/04\/HFB-REC_2019_NL.pdf\">Verzoek voor Offici\u00eble Erkenning van het Hindoe\u00efsme in Belgi\u00eb.<\/a><a href=\"https:\/\/old.hindu-forum.be\/wp-content\/uploads\/2021\/04\/HFB-REC_2019_NL.pdf\" class=\"wp-block-file__button\" download aria-describedby=\"wp-block-file--media-0bcb25f9-fc84-4407-93dc-4cac76cb191f\">Download<\/a><\/div>\n\n\n\n<h1 class=\"wp-block-heading\" id=\"letters-of-support-from-religious-leaders\">\u200bSteunbrieven van religieuze leiders\/humanistische leiders:<\/h1>\n\n\n\n<div class=\"wp-block-file\"><a id=\"wp-block-file--media-4f124305-b155-462f-8a7e-e2699af9fe1e\" href=\"https:\/\/old.hindu-forum.be\/wp-content\/uploads\/2021\/04\/275mailnn.pdf\">Freddy Mortier &#8211; Unie Vrijzinnige Verenigingen vzw.<\/a><a href=\"https:\/\/old.hindu-forum.be\/wp-content\/uploads\/2021\/04\/275mailnn.pdf\" class=\"wp-block-file__button\" download aria-describedby=\"wp-block-file--media-4f124305-b155-462f-8a7e-e2699af9fe1e\">Download<\/a><\/div>\n\n\n\n<div class=\"wp-block-file\"><a id=\"wp-block-file--media-7ae45681-6cb6-4a96-9a7a-5e640bca5b97\" href=\"https:\/\/old.hindu-forum.be\/wp-content\/uploads\/2021\/04\/2019.12.10-Courrier-de-soutien-au-Forum-Hindou.pdf\">Mehmet \u00dcst\u00fcn &#8211; EMB &#8211; Ex\u00e9cutif des Musulmans de Belgique.<\/a><a href=\"https:\/\/old.hindu-forum.be\/wp-content\/uploads\/2021\/04\/2019.12.10-Courrier-de-soutien-au-Forum-Hindou.pdf\" class=\"wp-block-file__button\" download aria-describedby=\"wp-block-file--media-7ae45681-6cb6-4a96-9a7a-5e640bca5b97\">Download<\/a><\/div>\n\n\n\n<div class=\"wp-block-file\"><a id=\"wp-block-file--media-119a7880-8b28-44a0-b129-bd3de34584cb\" href=\"https:\/\/old.hindu-forum.be\/wp-content\/uploads\/2021\/04\/IMG.pdf\">Cardinal Josef De Kesel &#8211; Archev\u00eaque de Malines-Bruxelles, Pr\u00e9sident de la Conf\u00e9rence des \u00e9v\u00eaques de Belgique.<\/a><a href=\"https:\/\/old.hindu-forum.be\/wp-content\/uploads\/2021\/04\/IMG.pdf\" class=\"wp-block-file__button\" download aria-describedby=\"wp-block-file--media-119a7880-8b28-44a0-b129-bd3de34584cb\">Download<\/a><\/div>\n\n\n\n<div class=\"wp-block-file\"><a id=\"wp-block-file--media-cbb363b9-9eaf-4cdd-85f9-01c226509912\" href=\"https:\/\/old.hindu-forum.be\/wp-content\/uploads\/2021\/04\/lettre-CAL-04-02-2019.pdf\">Henri Bartholomeeusen, Pr\u00e9sident \u2013 Centre d\u2019Action La\u00efque asbl.<\/a><a href=\"https:\/\/old.hindu-forum.be\/wp-content\/uploads\/2021\/04\/lettre-CAL-04-02-2019.pdf\" class=\"wp-block-file__button\" download aria-describedby=\"wp-block-file--media-cbb363b9-9eaf-4cdd-85f9-01c226509912\">Download<\/a><\/div>\n\n\n\n<div class=\"wp-block-file\"><a id=\"wp-block-file--media-83e28f9c-1c4a-4f79-bdef-44192e2c4391\" href=\"https:\/\/old.hindu-forum.be\/wp-content\/uploads\/2021\/04\/OrthodoxSupportLetter-scaled.jpeg\">Le M\u00e9tropolite Athenagoras, Archev\u00eaque du Patriarcat \u2013 \u0152cum\u00e9nique de Constantinopole.<\/a><a href=\"https:\/\/old.hindu-forum.be\/wp-content\/uploads\/2021\/04\/OrthodoxSupportLetter-scaled.jpeg\" class=\"wp-block-file__button\" download aria-describedby=\"wp-block-file--media-83e28f9c-1c4a-4f79-bdef-44192e2c4391\">Download<\/a><\/div>\n\n\n\n<div class=\"wp-block-file\"><a id=\"wp-block-file--media-38d26cb2-09c1-4a95-a470-382e89ac0639\" href=\"https:\/\/old.hindu-forum.be\/wp-content\/uploads\/2021\/04\/JewsSupportLetter-2-scaled.jpeg\">Philippe Markiewicz, Pr\u00e9sident &#8211; Censitaire Central Israelite de Belgique.<\/a><a href=\"https:\/\/old.hindu-forum.be\/wp-content\/uploads\/2021\/04\/JewsSupportLetter-2-scaled.jpeg\" class=\"wp-block-file__button\" download aria-describedby=\"wp-block-file--media-38d26cb2-09c1-4a95-a470-382e89ac0639\">Download<\/a><\/div>\n\n\n\n<div class=\"wp-block-file\"><a id=\"wp-block-file--media-e35229ab-9171-4c47-98fd-4859ea2b1c5b\" href=\"https:\/\/old.hindu-forum.be\/wp-content\/uploads\/2022\/04\/CCAngl-2020-Gurvich-support-20201217.pdf\">CCAngl-2020-Gurvich-support.<\/a><a href=\"https:\/\/old.hindu-forum.be\/wp-content\/uploads\/2022\/04\/CCAngl-2020-Gurvich-support-20201217.pdf\" class=\"wp-block-file__button\" download aria-describedby=\"wp-block-file--media-e35229ab-9171-4c47-98fd-4859ea2b1c5b\">Download<\/a><\/div>\n\n\n\n<div class=\"wp-block-file\"><a id=\"wp-block-file--media-c3c1ec44-1d6a-4df6-9706-55cc8bfa4d94\" href=\"https:\/\/old.hindu-forum.be\/wp-content\/uploads\/2022\/04\/ProtestantsSupport2021-1.pdf\">Pr. Steven H. Fuite, Pr\u00e9sident &#8211; Protestants Support 2021.<\/a><a href=\"https:\/\/old.hindu-forum.be\/wp-content\/uploads\/2022\/04\/ProtestantsSupport2021-1.pdf\" class=\"wp-block-file__button\" download aria-describedby=\"wp-block-file--media-c3c1ec44-1d6a-4df6-9706-55cc8bfa4d94\">Download<\/a><\/div>\n\n\n\n<h1 class=\"wp-block-heading\" id=\"letters-of-support-from-religious-leaders\">\u200bOver de situatie van het hindoe\u00efsme in Bangladesh:<\/h1>\n\n\n\n<div class=\"wp-block-file\"><a id=\"wp-block-file--media-b387fc93-3540-4c0e-9a0f-2436c1139a58\" href=\"https:\/\/old.hindu-forum.be\/wp-content\/uploads\/2022\/04\/HFB_letter_to_PM_Bangladesh_DUTCH_26OCT2021-3.pdf\">HFB letter to PM Bangladesh DUTCH 26 OCT 2021.<\/a><a href=\"https:\/\/old.hindu-forum.be\/wp-content\/uploads\/2022\/04\/HFB_letter_to_PM_Bangladesh_DUTCH_26OCT2021-3.pdf\" class=\"wp-block-file__button\" download aria-describedby=\"wp-block-file--media-b387fc93-3540-4c0e-9a0f-2436c1139a58\">Download<\/a><\/div>\n\n\n\n<div class=\"wp-block-file\"><a id=\"wp-block-file--media-e11ab061-f3a7-4d51-8ee9-b9668a18c402\" href=\"https:\/\/old.hindu-forum.be\/wp-content\/uploads\/2022\/04\/HFB_letter_to_PM_Belgium_DUTCH_29OCT2021_signed-1.pdf\">HFB_letter_to_PM_Belgium_DUTCH_ 29 OCT 2021_signed.<\/a><a href=\"https:\/\/old.hindu-forum.be\/wp-content\/uploads\/2022\/04\/HFB_letter_to_PM_Belgium_DUTCH_29OCT2021_signed-1.pdf\" class=\"wp-block-file__button\" download aria-describedby=\"wp-block-file--media-e11ab061-f3a7-4d51-8ee9-b9668a18c402\">Download<\/a><\/div>\n\n\n\n<div class=\"wp-block-file\"><a id=\"wp-block-file--media-d50d7eba-ae5b-4dac-9d53-c3bde1f5ac84\" href=\"https:\/\/old.hindu-forum.be\/wp-content\/uploads\/2022\/04\/Di-Rupo-Min-Pres-Wallonie.pdf\">Di Rupo Min Pres Wallonie.<\/a><a href=\"https:\/\/old.hindu-forum.be\/wp-content\/uploads\/2022\/04\/Di-Rupo-Min-Pres-Wallonie.pdf\" class=\"wp-block-file__button\" download aria-describedby=\"wp-block-file--media-d50d7eba-ae5b-4dac-9d53-c3bde1f5ac84\">Download<\/a><\/div>\n\n\n\n<div class=\"wp-block-file\"><a id=\"wp-block-file--media-adcdd3fa-2e48-4e0b-9520-033c775f51f8\" href=\"https:\/\/old.hindu-forum.be\/wp-content\/uploads\/2022\/04\/HFB_letter_to_Minister_Foreign_Affairs_Belgium_FRENCH_26OCT2021.pdf\">HFB letter to Minister Foreign Affairs Belgium &#8211; FRENCH 26 OCT 2021.<\/a><a href=\"https:\/\/old.hindu-forum.be\/wp-content\/uploads\/2022\/04\/HFB_letter_to_Minister_Foreign_Affairs_Belgium_FRENCH_26OCT2021.pdf\" class=\"wp-block-file__button\" download aria-describedby=\"wp-block-file--media-adcdd3fa-2e48-4e0b-9520-033c775f51f8\">Download<\/a><\/div>\n\n\n\n<div class=\"wp-block-file\"><a id=\"wp-block-file--media-d0fe7302-773c-4fdd-a031-08306115295a\" href=\"https:\/\/old.hindu-forum.be\/wp-content\/uploads\/2022\/04\/HFB_letter_to_PM_Belgium_DUTCH_26OCT2021-copy.pdf\">HFB letter to PM Belgium &#8211; DUTCH 26 OCT 2021.<\/a><a href=\"https:\/\/old.hindu-forum.be\/wp-content\/uploads\/2022\/04\/HFB_letter_to_PM_Belgium_DUTCH_26OCT2021-copy.pdf\" class=\"wp-block-file__button\" download aria-describedby=\"wp-block-file--media-d0fe7302-773c-4fdd-a031-08306115295a\">Download<\/a><\/div>\n\n\n\n<div class=\"wp-block-file\"><a id=\"wp-block-file--media-6eadfa61-44cb-455b-83fa-9b021cfadeb1\" href=\"https:\/\/old.hindu-forum.be\/wp-content\/uploads\/2022\/04\/Min-Pres-Brussel-3-nov-21.pdf\">Min Pres Brussel 3 nov 21.<\/a><a href=\"https:\/\/old.hindu-forum.be\/wp-content\/uploads\/2022\/04\/Min-Pres-Brussel-3-nov-21.pdf\" class=\"wp-block-file__button\" download aria-describedby=\"wp-block-file--media-6eadfa61-44cb-455b-83fa-9b021cfadeb1\">Download<\/a><\/div>\n\n\n\n<div class=\"wp-block-file\"><a id=\"wp-block-file--media-9e18ac4b-d73f-4335-be86-bbde960bad08\" href=\"https:\/\/old.hindu-forum.be\/wp-content\/uploads\/2022\/04\/Min-Pres-Vlaanderen-3-nov-21.pdf\">Min Pres Vlaanderen 3 nov 21.<\/a><a href=\"https:\/\/old.hindu-forum.be\/wp-content\/uploads\/2022\/04\/Min-Pres-Vlaanderen-3-nov-21.pdf\" class=\"wp-block-file__button\" download aria-describedby=\"wp-block-file--media-9e18ac4b-d73f-4335-be86-bbde960bad08\">Download<\/a><\/div>\n\n\n\n<div class=\"wp-block-file\"><a id=\"wp-block-file--media-add1ea1f-2274-4995-b067-10f13a1ff76c\" href=\"https:\/\/old.hindu-forum.be\/wp-content\/uploads\/2022\/04\/Pres-Senate-3-nov-21.pdf\">Pres Senate 3 Nov 21.<\/a><a href=\"https:\/\/old.hindu-forum.be\/wp-content\/uploads\/2022\/04\/Pres-Senate-3-nov-21.pdf\" class=\"wp-block-file__button\" download aria-describedby=\"wp-block-file--media-add1ea1f-2274-4995-b067-10f13a1ff76c\">Download<\/a><\/div>\n\n\n\n<div class=\"wp-block-file\"><a id=\"wp-block-file--media-9a8e9404-e7f4-4f1b-846f-aaa8e860e24c\" href=\"https:\/\/old.hindu-forum.be\/wp-content\/uploads\/2022\/04\/Tillieux-Pres-Chambre-3-Nov-21.pdf\">Tillieux Pres Chambre 3 Nov 21.<\/a><a href=\"https:\/\/old.hindu-forum.be\/wp-content\/uploads\/2022\/04\/Tillieux-Pres-Chambre-3-Nov-21.pdf\" class=\"wp-block-file__button\" download aria-describedby=\"wp-block-file--media-9a8e9404-e7f4-4f1b-846f-aaa8e860e24c\">Download<\/a><\/div>\n","protected":false},"excerpt":{"rendered":"<p>In februari 2013 heeft Hindu Forum of Belgium officieel de erkenning van het hindoe\u00efsme in Belgi\u00eb aangevraagd door een verzoek met een uitgebreid dossier in te dienen bij de minister van Justitie. U kunt dat bestand hier in drie talen bekijken, evenals de steunbrieven die het Hindu Forum van Belgi\u00eb daarna ontving. Aanvraag offici\u00eble erkenning:&#8230;<\/p>\n","protected":false},"author":3,"featured_media":0,"parent":0,"menu_order":0,"comment_status":"closed","ping_status":"closed","template":"","meta":{"footnotes":"","_wp_rev_ctl_limit":""},"class_list":["post-3611","page","type-page","status-publish","hentry"],"_links":{"self":[{"href":"https:\/\/old.hindu-forum.be\/nl\/wp-json\/wp\/v2\/pages\/3611","targetHints":{"allow":["GET"]}}],"collection":[{"href":"https:\/\/old.hindu-forum.be\/nl\/wp-json\/wp\/v2\/pages"}],"about":[{"href":"https:\/\/old.hindu-forum.be\/nl\/wp-json\/wp\/v2\/types\/page"}],"author":[{"embeddable":true,"href":"https:\/\/old.hindu-forum.be\/nl\/wp-json\/wp\/v2\/users\/3"}],"replies":[{"embeddable":true,"href":"https:\/\/old.hindu-forum.be\/nl\/wp-json\/wp\/v2\/comments?post=3611"}],"version-history":[{"count":4,"href":"https:\/\/old.hindu-forum.be\/nl\/wp-json\/wp\/v2\/pages\/3611\/revisions"}],"predecessor-version":[{"id":4132,"href":"https:\/\/old.hindu-forum.be\/nl\/wp-json\/wp\/v2\/pages\/3611\/revisions\/4132"}],"wp:attachment":[{"href":"https:\/\/old.hindu-forum.be\/nl\/wp-json\/wp\/v2\/media?parent=3611"}],"curies":[{"name":"wp","href":"https:\/\/api.w.org\/{rel}","templated":true}]}}