{"id":3625,"date":"2022-02-26T17:35:49","date_gmt":"2022-02-26T17:35:49","guid":{"rendered":"https:\/\/old.hindu-forum.be\/?page_id=3625"},"modified":"2023-07-28T08:28:38","modified_gmt":"2023-07-28T08:28:38","slug":"support","status":"publish","type":"page","link":"https:\/\/old.hindu-forum.be\/nl\/support\/","title":{"rendered":"Support"},"content":{"rendered":"\n<h1 class=\"wp-block-heading\">Steun de Erkenning van het Hindoe\u00efsme in Belgi\u00eb<\/h1>\n\n\n\n<figure class=\"wp-block-image size-full\"><a href=\"https:\/\/old.hindu-forum.be\/wp-content\/uploads\/2013\/02\/HFBlogo.jpg\"><img loading=\"lazy\" decoding=\"async\" width=\"231\" height=\"229\" src=\"https:\/\/old.hindu-forum.be\/wp-content\/uploads\/2013\/02\/HFBlogo.jpg\" alt=\"\" class=\"wp-image-580\" srcset=\"https:\/\/old.hindu-forum.be\/wp-content\/uploads\/2013\/02\/HFBlogo.jpg 231w, https:\/\/old.hindu-forum.be\/wp-content\/uploads\/2013\/02\/HFBlogo-150x150.jpg 150w\" sizes=\"auto, (max-width: 231px) 100vw, 231px\" \/><\/a><\/figure>\n\n\n\n<p>Help alstublieft het Hindoe Forum van Belgi\u00eb in zijn belangrijke doelstelling om het Hindoe\u00efsme erkend te krijgen in Belgi\u00eb. Om dat te doen zijn er veel dingen die we moeten doen:<\/p>\n\n\n\n<ul class=\"wp-block-list\">\n<li>Contact opnemen met potenti\u00eble nieuwe leden van het Hindoe Forum van Belgi\u00eb<\/li>\n\n\n\n<li>Dossiers voorbereiden voor de Regering<\/li>\n\n\n\n<li>Bewustmaking cre\u00ebren bij het publiek, de media en politici<\/li>\n\n\n\n<li>Evenementen organiseren om de Hindoe gemeenschappen in Belgi\u00eb te verenigen zoals Diwali<\/li>\n<\/ul>\n\n\n\n<p>Om dit te kunnen verwezenlijken hebben we een professioneel secretariaat nodig dat veel van deze activiteiten kan organiseren. Daarom vragen wij u nederig om het Hindoe Forum van Belgi\u00eb te steunen door hier een donatie te geven. U kan een grotere gift doen of er voor kiezen om regelmatig een kleiner bedrag te geven. Dank u. Samen kunnen we onze doelen bereiken!!!<\/p>\n\n\n\n<h2 class=\"wp-block-heading\">Bankgegevens:<\/h2>\n\n\n\n<p><strong>Banknaam<\/strong>: BNP Paribas Fortis<br><strong>Bankadres<\/strong>: Montagne du Parc 3, B-1000 Bruxelles Warandeberg 3, B-1000 Brussel<br><strong>Accountnaam<\/strong>: Forum Hindou de Belgique \/ Av. d\u2019Auderghem 197, 1040 Brussel<br><strong>IBAN<\/strong>: BE08 0015 1646 0513<br><strong>BIC\/Swift<\/strong>: GEBABEBB<\/p>\n\n\n\n<p><br><\/p>\n\n\n\n<h1 class=\"wp-block-heading\">Steun de campagne Protect Hindus in Bangladesh<\/h1>\n\n\n\n<figure class=\"wp-block-image size-full\"><a href=\"https:\/\/old.hindu-forum.be\/wp-content\/uploads\/2021\/11\/embassy1.jpg\"><img loading=\"lazy\" decoding=\"async\" width=\"1024\" height=\"768\" src=\"https:\/\/old.hindu-forum.be\/wp-content\/uploads\/2021\/11\/embassy1.jpg\" alt=\"\" class=\"wp-image-3318\" srcset=\"https:\/\/old.hindu-forum.be\/wp-content\/uploads\/2021\/11\/embassy1.jpg 1024w, https:\/\/old.hindu-forum.be\/wp-content\/uploads\/2021\/11\/embassy1-300x225.jpg 300w, https:\/\/old.hindu-forum.be\/wp-content\/uploads\/2021\/11\/embassy1-768x576.jpg 768w, https:\/\/old.hindu-forum.be\/wp-content\/uploads\/2021\/11\/embassy1-580x435.jpg 580w, https:\/\/old.hindu-forum.be\/wp-content\/uploads\/2021\/11\/embassy1-860x645.jpg 860w\" sizes=\"auto, (max-width: 1024px) 100vw, 1024px\" \/><\/a><\/figure>\n\n\n\n<p>Zoals u wellicht weet, zijn er de laatste tijd zeer gewelddadige en wrede aanvallen geweest op Hindoetempels, -feesten en -bedrijven in Bangladesh door gewelddadige radicale moslims. Dit geweld tegen minderheden in Bangladesh is al tientallen jaren aan de gang en het lijkt erop dat deze gewelddadige extremisten in Bangladesh zich meer en meer aangemoedigd voelen door het gebrek aan behoorlijke bescherming van de Bangladeshi regering tegenover de minderheden en het gebrek aan behoorlijke rechtspraak tegen de daders. Dit is zeer goed gedocumenteerd in honderden, zo niet duizenden rapporten van zeer gerenommeerde mensenrechtenorganisaties en van de minderheden zelf die in Bangladesh wonen.<\/p>\n\n\n\n<p>Daarom zijn wij van plan een Europese campagne op te zetten om de Europese instellingen en politici alsmede de media systematisch bewust te maken van de situatie van de minderheden in Bangladesh en druk uit te oefenen op de regering van Bangladesh om de minderheden op een serieuze manier te beschermen. Daarvoor hebben we veel middelen nodig en we doen een beroep op u om deze zaak te steunen met een donatie. Wees gul en doneer regelmatig voor dit zeer belangrijke doel.<\/p>\n\n\n\n<h2 class=\"wp-block-heading\">Bankgegevens:<\/h2>\n\n\n\n<p><strong>Banknaam<\/strong>: BNP Paribas Fortis<br><strong>Bankadres<\/strong>: Montagne du Parc 3, B-1000 Bruxelles Warandeberg 3, B-1000 Brussel<br><strong>Accountnaam<\/strong>: Forum Hindou de Belgique \/ Av. d\u2019Auderghem 197, 1040 Brussel<br><strong>IBAN<\/strong>: BE08 0015 1646 0513<br><strong>BIC\/Swift<\/strong>: GEBABEBB<br><\/p>\n","protected":false},"excerpt":{"rendered":"<p>Steun de Erkenning van het Hindoe\u00efsme in Belgi\u00eb Help alstublieft het Hindoe Forum van Belgi\u00eb in zijn belangrijke doelstelling om het Hindoe\u00efsme erkend te krijgen in Belgi\u00eb. Om dat te doen zijn er veel dingen die we moeten doen: Om dit te kunnen verwezenlijken hebben we een professioneel secretariaat nodig dat veel van deze activiteiten&#8230;<\/p>\n","protected":false},"author":3,"featured_media":0,"parent":0,"menu_order":0,"comment_status":"closed","ping_status":"closed","template":"","meta":{"footnotes":"","_wp_rev_ctl_limit":""},"class_list":["post-3625","page","type-page","status-publish","hentry"],"_links":{"self":[{"href":"https:\/\/old.hindu-forum.be\/nl\/wp-json\/wp\/v2\/pages\/3625","targetHints":{"allow":["GET"]}}],"collection":[{"href":"https:\/\/old.hindu-forum.be\/nl\/wp-json\/wp\/v2\/pages"}],"about":[{"href":"https:\/\/old.hindu-forum.be\/nl\/wp-json\/wp\/v2\/types\/page"}],"author":[{"embeddable":true,"href":"https:\/\/old.hindu-forum.be\/nl\/wp-json\/wp\/v2\/users\/3"}],"replies":[{"embeddable":true,"href":"https:\/\/old.hindu-forum.be\/nl\/wp-json\/wp\/v2\/comments?post=3625"}],"version-history":[{"count":3,"href":"https:\/\/old.hindu-forum.be\/nl\/wp-json\/wp\/v2\/pages\/3625\/revisions"}],"predecessor-version":[{"id":4245,"href":"https:\/\/old.hindu-forum.be\/nl\/wp-json\/wp\/v2\/pages\/3625\/revisions\/4245"}],"wp:attachment":[{"href":"https:\/\/old.hindu-forum.be\/nl\/wp-json\/wp\/v2\/media?parent=3625"}],"curies":[{"name":"wp","href":"https:\/\/api.w.org\/{rel}","templated":true}]}}