{"id":3635,"date":"2022-02-26T18:01:24","date_gmt":"2022-02-26T18:01:24","guid":{"rendered":"https:\/\/old.hindu-forum.be\/?page_id=3635"},"modified":"2025-03-05T17:03:11","modified_gmt":"2025-03-05T17:03:11","slug":"over-ons","status":"publish","type":"page","link":"https:\/\/old.hindu-forum.be\/nl\/over-ons\/","title":{"rendered":"Over ons"},"content":{"rendered":"\n<h3 class=\"wp-block-heading\">Het Hindoe Forum van Belgi\u00eb werd gelanceerd op 16 maart 2007 in het Jolly Hotel in Brussel. Het is ontstaan uit de inspiratie van het Hindoe Forum van Europa, dat gebaseerd is op het werkmodel van het succes van het Hindoe Forum van Groot-Brittanni\u00eb.<\/h3>\n\n\n\n<figure class=\"wp-block-image size-full is-style-default\"><a href=\"https:\/\/old.hindu-forum.be\/wp-content\/uploads\/2021\/05\/DSC_6414.jpg\"><img loading=\"lazy\" decoding=\"async\" width=\"2240\" height=\"1488\" src=\"https:\/\/old.hindu-forum.be\/wp-content\/uploads\/2021\/05\/DSC_6414.jpg\" alt=\"\" class=\"wp-image-1873\" srcset=\"https:\/\/old.hindu-forum.be\/wp-content\/uploads\/2021\/05\/DSC_6414.jpg 2240w, https:\/\/old.hindu-forum.be\/wp-content\/uploads\/2021\/05\/DSC_6414-300x199.jpg 300w, https:\/\/old.hindu-forum.be\/wp-content\/uploads\/2021\/05\/DSC_6414-1024x680.jpg 1024w, https:\/\/old.hindu-forum.be\/wp-content\/uploads\/2021\/05\/DSC_6414-768x510.jpg 768w, https:\/\/old.hindu-forum.be\/wp-content\/uploads\/2021\/05\/DSC_6414-1536x1020.jpg 1536w, https:\/\/old.hindu-forum.be\/wp-content\/uploads\/2021\/05\/DSC_6414-2048x1360.jpg 2048w, https:\/\/old.hindu-forum.be\/wp-content\/uploads\/2021\/05\/DSC_6414-580x385.jpg 580w, https:\/\/old.hindu-forum.be\/wp-content\/uploads\/2021\/05\/DSC_6414-860x571.jpg 860w, https:\/\/old.hindu-forum.be\/wp-content\/uploads\/2021\/05\/DSC_6414-1160x771.jpg 1160w\" sizes=\"auto, (max-width: 2240px) 100vw, 2240px\" \/><\/a><\/figure>\n\n\n\n<h2 class=\"wp-block-heading\" id=\"vision\"><a href=\"#vision\">Visie<\/a><\/h2>\n\n\n\n<p>Het hindoe\u00efsme is officieel erkend als religie in Belgi\u00eb en verrijkt de nationale identiteit door de diversiteit van de hedendaagse Belgische samenleving te tonen. Het speelt een actieve rol in verschillende aspecten van het Belgische leven, waaronder cultuur, economie, spiritualiteit, interreligieuze dialoog en de bevordering van sociale cohesie.<\/p>\n\n\n\n<h2 class=\"wp-block-heading\" id=\"mission\"><a href=\"#mission\">Missie<\/a><\/h2>\n\n\n\n<p>Het Hindu Forum van Belgi\u00eb streeft ernaar de diverse hindoe-gemeenschappen en -organisaties in Belgi\u00eb te vertegenwoordigen en te behartigen, door actief in dialoog te gaan met de overheid, religieuze leiders, media en het brede publiek. Dit wordt bereikt door voortdurende dialoog met Belgische autoriteiten, het bevorderen van bilaterale relaties met religieuze leiders en deelname aan platforms voor blijvende interreligieuze uitwisseling. Het Forum ondersteunt ook migrerende hindoe-gemeenschappen in hun integratieproces door platforms te faciliteren die tegemoetkomen aan hun spirituele en religieuze behoeften.<\/p>\n\n\n\n<h2 class=\"wp-block-heading\" id=\"values\"><a href=\"#values\">Waarden<\/a><\/h2>\n\n\n\n<div class=\"wp-block-group\"><div class=\"wp-block-group__inner-container is-layout-flow wp-block-group-is-layout-flow\">\n<ul id=\"block-6687f8d8-0983-41e7-a489-5d72f3387bc9\" class=\"wp-block-list\">\n<li>Open-mindedheid<\/li>\n\n\n\n<li>Tolerantie<\/li>\n\n\n\n<li>Eerlijkheid<\/li>\n\n\n\n<li>Empathie<\/li>\n\n\n\n<li>Gelijkheid<\/li>\n\n\n\n<li>Respect<\/li>\n\n\n\n<li>Dialoog<\/li>\n<\/ul>\n<\/div><\/div>\n\n\n\n<h2 class=\"wp-block-heading\" id=\"objectives\"><a href=\"#objectives\">Doelstellingen<\/a><\/h2>\n\n\n\n<div class=\"wp-block-group\"><div class=\"wp-block-group__inner-container is-layout-flow wp-block-group-is-layout-flow\">\n<p>Om zijn ambitieuze en essenti\u00eble doelen te bereiken, verbindt het Hindu Forum van Belgi\u00eb zich tot de volgende activiteiten:<\/p>\n\n\n\n<ul class=\"wp-block-list\">\n<li>Het ontwikkelen van diverse communicatieplatforms om de overheid, media, het publiek en de hindoe-gemeenschap te informeren over zijn initiatieven en om verklaringen af te geven over belangrijke kwesties.<\/li>\n\n\n\n<li>Het publiceren en breed verspreiden van bijgewerkte materialen over het Hindu Forum en het hindoe\u00efsme.<\/li>\n\n\n\n<li>Het samenstellen en onderhouden van een database met essenti\u00eble en waardevolle contacten.<\/li>\n\n\n\n<li>Het aangaan van gesprekken met politieke, religieuze en andere leiders in Belgi\u00eb om de activiteiten van het Forum te delen en de behoeften en zorgen van de hindoe-gemeenschap onder de aandacht te brengen.<\/li>\n\n\n\n<li>Het regelmatig organiseren van bijeenkomsten met gemeenschapsleden om updates te geven over de initiatieven van het Forum.<\/li>\n\n\n\n<li>Het organiseren van presentaties over het hindoe\u00efsme en zijn bijdrage aan de Belgische samenleving.<\/li>\n\n\n\n<li>Het onderzoeken van mogelijkheden om het hindoe\u00efsme op te nemen in het Belgische schoolcurriculum en op de hoogte blijven van ontwikkelingen.<\/li>\n\n\n\n<li>Het deelnemen aan belangrijke internationale conferenties over relevante onderwerpen.<\/li>\n\n\n\n<li>Het uitbreiden van het ledenbestand van het Forum.<\/li>\n\n\n\n<li>Het ontwikkelen en uitvoeren van een jaarlijkse fondsenwervingsstrategie.<\/li>\n\n\n\n<li>Het organiseren van een VIP-evenement om de paar jaar.<\/li>\n\n\n\n<li>Het organiseren van een jaarlijks evenement voor Forumleden en de bredere hindoe-gemeenschap.<\/li>\n\n\n\n<li>Het bijwonen van belangrijke conferenties in Belgi\u00eb over onderwerpen van wederzijds belang.<\/li>\n\n\n\n<li>Het opstellen van standaardprocedures voor de erkenning van spirituele counselors.<\/li>\n\n\n\n<li>Het oprichten van een Hindu Resources Hub, die Forumleden een uitgebreid overzicht biedt van nuttige contacten, waaronder pandits, koks, dansers, evenementlocaties, musici, ayurvedische artsen en leraren van het hindoe\u00efsme.<\/li>\n<\/ul>\n<\/div><\/div>\n\n\n\n<h2 class=\"wp-block-heading\" id=\"members\"><a href=\"#members\">Leden<\/a><\/h2>\n\n\n\n<p>Dit zijn de huidige leden van het Hindoe Forum van Belgi\u00eb:<br><br><a href=\"http:\/\/www.govinda.be\/\" target=\"_blank\" rel=\"noreferrer noopener\">Antwerpen Nama Hatta vzw<\/a><br><a href=\"https:\/\/be.brahmakumaris.org\/\" target=\"_blank\" rel=\"noreferrer noopener\">Brahma Kumaris<\/a><br><a href=\"http:\/\/bhaktivedantacollege.com\/\" target=\"_blank\" rel=\"noreferrer noopener\">Bhaktivedanta College<\/a><br><a href=\"http:\/\/centredebhaktiyoga.com\/\" target=\"_blank\" rel=\"noreferrer noopener\">Centre de Bhakti Yoga de Bruxelles asbl<\/a><br><a href=\"http:\/\/brusselsmandir.com\/\" target=\"_blank\" rel=\"noreferrer noopener\">Indian Cultural Centar &#8211; Brussels Mandir<br><\/a><a href=\"https:\/\/www.pappers.be\/fr\/company\/namaskar-0473128188\" target=\"_blank\" rel=\"noreferrer noopener\">Namaskar asbl<\/a><br><a href=\"http:\/\/www.radhadesh.com\/\" target=\"_blank\" rel=\"noreferrer noopener\">Radhadesh asbl<\/a><br><\/p>\n\n\n\n<h2 class=\"wp-block-heading\" id=\"bod\"><a href=\"#bod\">Raad van bestuur<\/a><\/h2>\n\n\n\n<!---\n\n<div class=\"team-container\">\n  <div class=\"team-member\">\n    <img decoding=\"async\" class=\"wp-image-2056\" src=\"https:\/\/old.hindu-forum.be\/wp-content\/uploads\/2023\/07\/purusottama-tirtha-e1690717923941.jpg\" alt=\"\">\n    <div class=\"caption\">President: <br>Peter Scherrenburg (Purusottama Tirtha dasa)<\/div>\n  <\/div>\n--->\n<div class=\"team-container\">\n  <div class=\"team-member\">\n    <img loading=\"lazy\" decoding=\"async\" width=\"763\" height=\"1017\" class=\"wp-image-2056\" src=\"https:\/\/old.hindu-forum.be\/wp-content\/uploads\/2021\/10\/martin-gurvich-profile.jpg\" alt=\"\" srcset=\"https:\/\/old.hindu-forum.be\/wp-content\/uploads\/2021\/10\/martin-gurvich-profile.jpg 763w, https:\/\/old.hindu-forum.be\/wp-content\/uploads\/2021\/10\/martin-gurvich-profile-225x300.jpg 225w, https:\/\/old.hindu-forum.be\/wp-content\/uploads\/2021\/10\/martin-gurvich-profile-580x773.jpg 580w\" sizes=\"auto, (max-width: 763px) 100vw, 763px\" \/>\n    <div class=\"caption\">Voorzitter: <br>Martin Gurvich (Mahaprabhu dasa)<\/div>\n  <\/div>\n\n  <div class=\"team-member\">\n    <img decoding=\"async\" class=\"wp-image-2057\" src=\"https:\/\/old.hindu-forum.be\/wp-content\/uploads\/2023\/07\/Jeysen-Rungiah-e1690717555826.jpg\" alt=\"\">\n    <div class=\"caption\">Vicevoorzitter:<br> Jeysen Rungiah<\/div>\n  <\/div>\n<!---\n  <div class=\"team-member\">\n    <img decoding=\"async\" class=\"wp-image-2164\" src=\"https:\/\/old.hindu-forum.be\/wp-content\/uploads\/2021\/10\/vrindaranya-priya-bruno-e1690718260246.jpg\" alt=\"\">\n    <div class=\"caption\">Secretary: <br>Bruno Mestach (Vrindaranya Priya dasa)<\/div>\n  <\/div>\n--->\n\n<!---\n  <div class=\"team-member\">\n    <img decoding=\"async\" class=\"wp-image-2038\" src=\"https:\/\/old.hindu-forum.be\/wp-content\/uploads\/2023\/07\/anita-de-coster-anandini.jpg\" alt=\"\">\n    <div class=\"caption\">Member: <br>Anita De Coster (Anandini)<\/div>\n  <\/div>\n--->\n  <div class=\"team-member\">\n    <img decoding=\"async\" class=\"wp-image-2038\" src=\"https:\/\/old.hindu-forum.be\/wp-content\/uploads\/2021\/10\/gopi-raman-small.jpg\" alt=\"\">\n    <div class=\"caption\">Penningmeester:<br> Avinash Orie (Gopi Ramana dasa)<\/div>\n  <\/div>\n\n<\/div>\n\n<p>\n<b>\n<p>\n\n<p>\n<p>\n<p><p><p><p>\n<p>\n\n<\/p>\n\n\n\n<h2 class=\"wp-block-heading\" id=\"bod\"><a href=\"#bod\">Team<\/a><\/h2>\n\n\n\n<style>\n  .team-container {\n    display: flex;\n    justify-content: space-around;\n    flex-wrap: wrap;\n  }\n  .team-member {\n    width: 150px;\n    height: 200px;\n    text-align: center;\n    margin: 10px;\n  }\n  .team-member img {\n    width: 100%;\n    height: 100%;\n    object-fit: cover;\n  }\n  .caption {\n    margin-top: 5px;\n    font-weight: bold;\n  }\n<\/style>\n<div class=\"team-container\">\n <!---\n <div class=\"team-member\">\n    <img loading=\"lazy\" decoding=\"async\" width=\"763\" height=\"1017\" class=\"wp-image-2056\" src=\"https:\/\/old.hindu-forum.be\/wp-content\/uploads\/2021\/10\/martin-gurvich-profile.jpg\" alt=\"\" srcset=\"https:\/\/old.hindu-forum.be\/wp-content\/uploads\/2021\/10\/martin-gurvich-profile.jpg 763w, https:\/\/old.hindu-forum.be\/wp-content\/uploads\/2021\/10\/martin-gurvich-profile-225x300.jpg 225w, https:\/\/old.hindu-forum.be\/wp-content\/uploads\/2021\/10\/martin-gurvich-profile-580x773.jpg 580w\" sizes=\"auto, (max-width: 763px) 100vw, 763px\" \/>\n    <div class=\"caption\">Executive Director: Martin Gurvich (Mahaprabhu dasa)<\/div>\n  <\/div>\n--->\n\n\n  <div class=\"team-member\">\n    <img loading=\"lazy\" decoding=\"async\" width=\"354\" height=\"472\" class=\"wp-image-4425\" src=\"https:\/\/old.hindu-forum.be\/wp-content\/uploads\/2024\/07\/mohamed_ougcha.jpg\" alt=\"\" srcset=\"https:\/\/old.hindu-forum.be\/wp-content\/uploads\/2024\/07\/mohamed_ougcha.jpg 354w, https:\/\/old.hindu-forum.be\/wp-content\/uploads\/2024\/07\/mohamed_ougcha-225x300.jpg 225w\" sizes=\"auto, (max-width: 354px) 100vw, 354px\" \/>\n    <div class=\"caption\">Uitvoerend Secretaris: Mahabhava dasa<\/div>\n  <\/div>\n\n\n  <div class=\"team-member\">\n    <img loading=\"lazy\" decoding=\"async\" width=\"960\" height=\"1280\" class=\"wp-image-4418\" src=\"https:\/\/old.hindu-forum.be\/wp-content\/uploads\/2024\/07\/MMM.jpg\" alt=\"\" srcset=\"https:\/\/old.hindu-forum.be\/wp-content\/uploads\/2024\/07\/MMM.jpg 960w, https:\/\/old.hindu-forum.be\/wp-content\/uploads\/2024\/07\/MMM-225x300.jpg 225w, https:\/\/old.hindu-forum.be\/wp-content\/uploads\/2024\/07\/MMM-768x1024.jpg 768w, https:\/\/old.hindu-forum.be\/wp-content\/uploads\/2024\/07\/MMM-580x773.jpg 580w, https:\/\/old.hindu-forum.be\/wp-content\/uploads\/2024\/07\/MMM-860x1147.jpg 860w\" sizes=\"auto, (max-width: 960px) 100vw, 960px\" \/>\n    <div class=\"caption\">Administratie: Michalina Pabianczyk<\/div>\n  <\/div>\n\n  <div class=\"team-member\">\n    <img loading=\"lazy\" decoding=\"async\" width=\"732\" height=\"976\" class=\"wp-image-2038\" src=\"https:\/\/old.hindu-forum.be\/wp-content\/uploads\/2021\/10\/dr-dario-knez.jpeg\" alt=\"\" srcset=\"https:\/\/old.hindu-forum.be\/wp-content\/uploads\/2021\/10\/dr-dario-knez.jpeg 732w, https:\/\/old.hindu-forum.be\/wp-content\/uploads\/2021\/10\/dr-dario-knez-225x300.jpeg 225w, https:\/\/old.hindu-forum.be\/wp-content\/uploads\/2021\/10\/dr-dario-knez-580x773.jpeg 580w\" sizes=\"auto, (max-width: 732px) 100vw, 732px\" \/>\n    <div class=\"caption\">Website:<br> Dario Knez<\/div>\n  <\/div>\n<\/div>\n\n<p>\n","protected":false},"excerpt":{"rendered":"<p>Het Hindoe Forum van Belgi\u00eb werd gelanceerd op 16 maart 2007 in het Jolly Hotel in Brussel. Het is ontstaan uit de inspiratie van het Hindoe Forum van Europa, dat gebaseerd is op het werkmodel van het succes van het Hindoe Forum van Groot-Brittanni\u00eb. Visie Het hindoe\u00efsme is officieel erkend als religie in Belgi\u00eb en&#8230;<\/p>\n","protected":false},"author":3,"featured_media":3068,"parent":0,"menu_order":2,"comment_status":"closed","ping_status":"closed","template":"","meta":{"footnotes":"","_wp_rev_ctl_limit":""},"class_list":["post-3635","page","type-page","status-publish","has-post-thumbnail","hentry"],"_links":{"self":[{"href":"https:\/\/old.hindu-forum.be\/nl\/wp-json\/wp\/v2\/pages\/3635","targetHints":{"allow":["GET"]}}],"collection":[{"href":"https:\/\/old.hindu-forum.be\/nl\/wp-json\/wp\/v2\/pages"}],"about":[{"href":"https:\/\/old.hindu-forum.be\/nl\/wp-json\/wp\/v2\/types\/page"}],"author":[{"embeddable":true,"href":"https:\/\/old.hindu-forum.be\/nl\/wp-json\/wp\/v2\/users\/3"}],"replies":[{"embeddable":true,"href":"https:\/\/old.hindu-forum.be\/nl\/wp-json\/wp\/v2\/comments?post=3635"}],"version-history":[{"count":28,"href":"https:\/\/old.hindu-forum.be\/nl\/wp-json\/wp\/v2\/pages\/3635\/revisions"}],"predecessor-version":[{"id":4607,"href":"https:\/\/old.hindu-forum.be\/nl\/wp-json\/wp\/v2\/pages\/3635\/revisions\/4607"}],"wp:featuredmedia":[{"embeddable":true,"href":"https:\/\/old.hindu-forum.be\/nl\/wp-json\/wp\/v2\/media\/3068"}],"wp:attachment":[{"href":"https:\/\/old.hindu-forum.be\/nl\/wp-json\/wp\/v2\/media?parent=3635"}],"curies":[{"name":"wp","href":"https:\/\/api.w.org\/{rel}","templated":true}]}}